{"id":915,"date":"2025-05-26T08:29:41","date_gmt":"2025-05-26T08:29:41","guid":{"rendered":"https:\/\/stopmutilation.com\/?page_id=915"},"modified":"2025-10-19T12:46:46","modified_gmt":"2025-10-19T12:46:46","slug":"unsere-partner","status":"publish","type":"page","link":"https:\/\/stopmutilation.com\/de_de\/unsere-partner\/","title":{"rendered":"Unsere Partner"},"content":{"rendered":"<style>.elementor-915 .elementor-element.elementor-element-2e398a27:not(.elementor-motion-effects-element-type-background), .elementor-915 .elementor-element.elementor-element-2e398a27 > .elementor-motion-effects-container > .elementor-motion-effects-layer{background-image:url(\"https:\/\/stopmutilation.com\/wp-content\/uploads\/2025\/05\/Partner_quer_1-2-scaled.webp\");background-repeat:no-repeat;background-size:cover;}.elementor-915 .elementor-element.elementor-element-2e398a27 > .elementor-background-overlay{background-color:#000000;opacity:0;transition:background 0.3s, border-radius 0.3s, opacity 0.3s;}.elementor-915 .elementor-element.elementor-element-2e398a27{transition:background 0.3s, border 0.3s, border-radius 0.3s, box-shadow 0.3s;margin-top:-62px;margin-bottom:0px;padding:162px 0px 100px 0px;}.elementor-915 .elementor-element.elementor-element-48091339 > .elementor-container > .elementor-column > .elementor-widget-wrap{align-content:center;align-items:center;}.elementor-915 .elementor-element.elementor-element-48091339{margin-top:0px;margin-bottom:0px;}.elementor-915 .elementor-element.elementor-element-2390bfc1{text-align:start;}.elementor-915 .elementor-element.elementor-element-2390bfc1 .elementor-heading-title{font-family:var( --e-global-typography-secondary-font-family ), Sans-serif;font-size:var( --e-global-typography-secondary-font-size );font-weight:var( --e-global-typography-secondary-font-weight );color:#FFFFFF;}.elementor-915 .elementor-element.elementor-element-2daec4b{--display:grid;--e-con-grid-template-columns:repeat(3, 1fr);--e-con-grid-template-rows:repeat(1, 1fr);--grid-auto-flow:row;}.elementor-915 .elementor-element.elementor-element-00db46a{--display:flex;}.elementor-915 .elementor-element.elementor-element-69c13f5.elementor-element{--align-self:center;--order:99999 \/* order end hack *\/;}.elementor-915 .elementor-element.elementor-element-f009cdf p{margin-block-end:0px;}.elementor-915 .elementor-element.elementor-element-bf9df48 .elementor-button{font-family:var( --e-global-typography-text-font-family ), Sans-serif;font-size:var( --e-global-typography-text-font-size );font-weight:var( --e-global-typography-text-font-weight );}.elementor-915 .elementor-element.elementor-element-53c4e32{--display:flex;}.elementor-915 .elementor-element.elementor-element-777a698.elementor-element{--align-self:center;--order:99999 \/* order end hack *\/;}.elementor-915 .elementor-element.elementor-element-f7f60d3 .elementor-button{font-family:var( --e-global-typography-text-font-family ), Sans-serif;font-size:var( --e-global-typography-text-font-size );font-weight:var( --e-global-typography-text-font-weight );}.elementor-915 .elementor-element.elementor-element-5fe1f57{--display:flex;}.elementor-915 .elementor-element.elementor-element-5655935.elementor-element{--align-self:flex-end;--order:99999 \/* order end hack *\/;}.elementor-915 .elementor-element.elementor-element-5be0b0b .elementor-button{font-family:var( --e-global-typography-text-font-family ), Sans-serif;font-size:var( --e-global-typography-text-font-size );font-weight:var( --e-global-typography-text-font-weight );}:root{--page-title-display:none;}@media(max-width:1024px){.elementor-915 .elementor-element.elementor-element-2e398a27:not(.elementor-motion-effects-element-type-background), .elementor-915 .elementor-element.elementor-element-2e398a27 > .elementor-motion-effects-container > .elementor-motion-effects-layer{background-position:center center;}.elementor-915 .elementor-element.elementor-element-2e398a27{margin-top:-62px;margin-bottom:0px;padding:162px 10px 100px 10px;}.elementor-915 .elementor-element.elementor-element-2390bfc1 .elementor-heading-title{font-size:var( --e-global-typography-secondary-font-size );}.elementor-915 .elementor-element.elementor-element-2daec4b{--grid-auto-flow:row;}.elementor-915 .elementor-element.elementor-element-bf9df48 .elementor-button{font-size:var( --e-global-typography-text-font-size );}.elementor-915 .elementor-element.elementor-element-f7f60d3 .elementor-button{font-size:var( --e-global-typography-text-font-size );}.elementor-915 .elementor-element.elementor-element-5be0b0b .elementor-button{font-size:var( --e-global-typography-text-font-size );}}@media(max-width:767px){.elementor-915 .elementor-element.elementor-element-2e398a27{padding:120px 0px 80px 0px;}.elementor-915 .elementor-element.elementor-element-1f68f8a9{width:100%;}.elementor-915 .elementor-element.elementor-element-2390bfc1{text-align:center;}.elementor-915 .elementor-element.elementor-element-2390bfc1 .elementor-heading-title{font-size:var( --e-global-typography-secondary-font-size );}.elementor-915 .elementor-element.elementor-element-2daec4b{--e-con-grid-template-columns:repeat(1, 1fr);--e-con-grid-template-rows:repeat(1, 1fr);--grid-auto-flow:row;}.elementor-915 .elementor-element.elementor-element-bf9df48 .elementor-button{font-size:var( --e-global-typography-text-font-size );}.elementor-915 .elementor-element.elementor-element-f7f60d3 .elementor-button{font-size:var( --e-global-typography-text-font-size );}.elementor-915 .elementor-element.elementor-element-5be0b0b .elementor-button{font-size:var( --e-global-typography-text-font-size );}}<\/style>\t\t<div data-elementor-type=\"wp-page\" data-elementor-id=\"915\" class=\"elementor elementor-915\" data-elementor-post-type=\"page\">\n\t\t\t\t\t\t<section class=\"elementor-section elementor-top-section elementor-element elementor-element-2e398a27 elementor-section-boxed elementor-section-height-default elementor-section-height-default\" data-id=\"2e398a27\" data-element_type=\"section\" data-e-type=\"section\" data-settings=\"{&quot;background_background&quot;:&quot;classic&quot;}\">\n\t\t\t\t\t\t\t<div class=\"elementor-background-overlay\"><\/div>\n\t\t\t\t\t\t\t<div class=\"elementor-container elementor-column-gap-default\">\n\t\t\t\t\t<div class=\"elementor-column elementor-col-100 elementor-top-column elementor-element elementor-element-1971bcbe\" data-id=\"1971bcbe\" data-element_type=\"column\" data-e-type=\"column\">\n\t\t\t<div class=\"elementor-widget-wrap elementor-element-populated\">\n\t\t\t\t\t\t<section class=\"elementor-section elementor-inner-section elementor-element elementor-element-48091339 elementor-section-content-middle elementor-section-boxed elementor-section-height-default elementor-section-height-default\" data-id=\"48091339\" data-element_type=\"section\" data-e-type=\"section\">\n\t\t\t\t\t\t<div class=\"elementor-container elementor-column-gap-no\">\n\t\t\t\t\t<div class=\"elementor-column elementor-col-100 elementor-inner-column elementor-element elementor-element-1f68f8a9\" data-id=\"1f68f8a9\" data-element_type=\"column\" data-e-type=\"column\">\n\t\t\t<div class=\"elementor-widget-wrap elementor-element-populated\">\n\t\t\t\t\t\t<div class=\"elementor-element elementor-element-2390bfc1 elementor-widget elementor-widget-heading\" data-id=\"2390bfc1\" data-element_type=\"widget\" data-e-type=\"widget\" data-widget_type=\"heading.default\">\n\t\t\t\t<div class=\"elementor-widget-container\">\n\t\t\t\t\t<h2 class=\"elementor-heading-title elementor-size-default\">Unsere Partner<\/h2>\t\t\t\t<\/div>\n\t\t\t\t<\/div>\n\t\t\t\t\t<\/div>\n\t\t<\/div>\n\t\t\t\t\t<\/div>\n\t\t<\/section>\n\t\t\t\t\t<\/div>\n\t\t<\/div>\n\t\t\t\t\t<\/div>\n\t\t<\/section>\n\t\t<div class=\"elementor-element elementor-element-2daec4b e-grid e-con-boxed e-con e-parent\" data-id=\"2daec4b\" data-element_type=\"container\" data-e-type=\"container\">\n\t\t\t\t\t<div class=\"e-con-inner\">\n\t\t<div class=\"elementor-element elementor-element-00db46a e-con-full e-flex e-con e-child\" data-id=\"00db46a\" data-element_type=\"container\" data-e-type=\"container\">\n\t\t\t\t<div class=\"elementor-element elementor-element-69c13f5 elementor-widget elementor-widget-image\" data-id=\"69c13f5\" data-element_type=\"widget\" data-e-type=\"widget\" data-widget_type=\"image.default\">\n\t\t\t\t<div class=\"elementor-widget-container\">\n\t\t\t\t\t\t\t\t\t\t\t\t\t\t\t<img fetchpriority=\"high\" decoding=\"async\" width=\"401\" height=\"130\" src=\"https:\/\/stopmutilation.com\/wp-content\/uploads\/2025\/10\/SOWHEN-Logo-Cw4oofdB.png\" class=\"elementor-animation-grow attachment-medium_large size-medium_large wp-image-1097\" alt=\"\" srcset=\"https:\/\/stopmutilation.com\/wp-content\/uploads\/2025\/10\/SOWHEN-Logo-Cw4oofdB.png 401w, https:\/\/stopmutilation.com\/wp-content\/uploads\/2025\/10\/SOWHEN-Logo-Cw4oofdB-300x97.png 300w, https:\/\/stopmutilation.com\/wp-content\/uploads\/2025\/10\/SOWHEN-Logo-Cw4oofdB-18x6.png 18w\" sizes=\"(max-width: 401px) 100vw, 401px\" \/>\t\t\t\t\t\t\t\t\t\t\t\t\t\t\t<\/div>\n\t\t\t\t<\/div>\n\t\t\t\t<div class=\"elementor-element elementor-element-f009cdf elementor-widget elementor-widget-text-editor\" data-id=\"f009cdf\" data-element_type=\"widget\" data-e-type=\"widget\" data-widget_type=\"text-editor.default\">\n\t\t\t\t<div class=\"elementor-widget-container\">\n\t\t\t\t\t\t\t\t\t<p><b>SOWHEN<\/b> setzt sich f\u00fcr die Rechte und Gesundheit von Frauen und M\u00e4dchen in Somalia ein. Mit ihrer unerm\u00fcdlichen Arbeit im Bereich Aufkl\u00e4rung und Bildung ist sie eine unserer wichtigsten Partnerinnen im Kampf gegen weibliche Genitalbeschneidung.<\/p>\t\t\t\t\t\t\t\t<\/div>\n\t\t\t\t<\/div>\n\t\t\t\t<div class=\"elementor-element elementor-element-bf9df48 elementor-align-center elementor-widget elementor-widget-button\" data-id=\"bf9df48\" data-element_type=\"widget\" data-e-type=\"widget\" data-widget_type=\"button.default\">\n\t\t\t\t<div class=\"elementor-widget-container\">\n\t\t\t\t\t\t\t\t\t<div class=\"elementor-button-wrapper\">\n\t\t\t\t\t<a class=\"elementor-button elementor-button-link elementor-size-sm\" href=\"https:\/\/www.sowhen.org\/\" target=\"_blank\">\n\t\t\t\t\t\t<span class=\"elementor-button-content-wrapper\">\n\t\t\t\t\t\t\t\t\t<span class=\"elementor-button-text\">Zur WebSite<\/span>\n\t\t\t\t\t<\/span>\n\t\t\t\t\t<\/a>\n\t\t\t\t<\/div>\n\t\t\t\t\t\t\t\t<\/div>\n\t\t\t\t<\/div>\n\t\t\t\t<\/div>\n\t\t<div class=\"elementor-element elementor-element-53c4e32 e-con-full e-flex e-con e-child\" data-id=\"53c4e32\" data-element_type=\"container\" data-e-type=\"container\">\n\t\t\t\t<div class=\"elementor-element elementor-element-777a698 elementor-widget elementor-widget-image\" data-id=\"777a698\" data-element_type=\"widget\" data-e-type=\"widget\" data-widget_type=\"image.default\">\n\t\t\t\t<div class=\"elementor-widget-container\">\n\t\t\t\t\t\t\t\t\t\t\t\t\t\t\t<img decoding=\"async\" width=\"295\" height=\"295\" src=\"https:\/\/stopmutilation.com\/wp-content\/uploads\/2025\/05\/Logo-ICH-neue-Version-fuer-2015-300x300-1.webp\" class=\"elementor-animation-grow attachment-large size-large wp-image-934\" alt=\"\" srcset=\"https:\/\/stopmutilation.com\/wp-content\/uploads\/2025\/05\/Logo-ICH-neue-Version-fuer-2015-300x300-1.webp 295w, https:\/\/stopmutilation.com\/wp-content\/uploads\/2025\/05\/Logo-ICH-neue-Version-fuer-2015-300x300-1-150x150.webp 150w, https:\/\/stopmutilation.com\/wp-content\/uploads\/2025\/05\/Logo-ICH-neue-Version-fuer-2015-300x300-1-12x12.webp 12w\" sizes=\"(max-width: 295px) 100vw, 295px\" \/>\t\t\t\t\t\t\t\t\t\t\t\t\t\t\t<\/div>\n\t\t\t\t<\/div>\n\t\t\t\t<div class=\"elementor-element elementor-element-17a6643 elementor-widget elementor-widget-text-editor\" data-id=\"17a6643\" data-element_type=\"widget\" data-e-type=\"widget\" data-widget_type=\"text-editor.default\">\n\t\t\t\t<div class=\"elementor-widget-container\">\n\t\t\t\t\t\t\t\t\t<p>Das <b>Kinderhilfswerk ICH<\/b> unterst\u00fctzt weltweit Kinder in Not \u2013 unb\u00fcrokratisch, direkt und nachhaltig. In unseren gemeinsamen Projekten liegt der Fokus auf Pr\u00e4vention, medizinischer Versorgung und Bildungsarbeit f\u00fcr betroffene M\u00e4dchen.<\/p>\t\t\t\t\t\t\t\t<\/div>\n\t\t\t\t<\/div>\n\t\t\t\t<div class=\"elementor-element elementor-element-f7f60d3 elementor-align-center elementor-widget elementor-widget-button\" data-id=\"f7f60d3\" data-element_type=\"widget\" data-e-type=\"widget\" data-widget_type=\"button.default\">\n\t\t\t\t<div class=\"elementor-widget-container\">\n\t\t\t\t\t\t\t\t\t<div class=\"elementor-button-wrapper\">\n\t\t\t\t\t<a class=\"elementor-button elementor-button-link elementor-size-sm\" href=\"https:\/\/www.ichev.de\/\" target=\"_blank\">\n\t\t\t\t\t\t<span class=\"elementor-button-content-wrapper\">\n\t\t\t\t\t\t\t\t\t<span class=\"elementor-button-text\">Zur WebSite<\/span>\n\t\t\t\t\t<\/span>\n\t\t\t\t\t<\/a>\n\t\t\t\t<\/div>\n\t\t\t\t\t\t\t\t<\/div>\n\t\t\t\t<\/div>\n\t\t\t\t<\/div>\n\t\t<div class=\"elementor-element elementor-element-5fe1f57 e-con-full e-flex e-con e-child\" data-id=\"5fe1f57\" data-element_type=\"container\" data-e-type=\"container\">\n\t\t\t\t<div class=\"elementor-element elementor-element-5655935 elementor-widget elementor-widget-image\" data-id=\"5655935\" data-element_type=\"widget\" data-e-type=\"widget\" data-widget_type=\"image.default\">\n\t\t\t\t<div class=\"elementor-widget-container\">\n\t\t\t\t\t\t\t\t\t\t\t\t\t\t\t<img decoding=\"async\" width=\"800\" height=\"182\" src=\"https:\/\/stopmutilation.com\/wp-content\/uploads\/2025\/05\/RZ_Logo-stop-mutilation_ZW-1024x233.png\" class=\"elementor-animation-grow attachment-large size-large wp-image-935\" alt=\"\" srcset=\"https:\/\/stopmutilation.com\/wp-content\/uploads\/2025\/05\/RZ_Logo-stop-mutilation_ZW-1024x233.png 1024w, https:\/\/stopmutilation.com\/wp-content\/uploads\/2025\/05\/RZ_Logo-stop-mutilation_ZW-300x68.webp 300w, https:\/\/stopmutilation.com\/wp-content\/uploads\/2025\/05\/RZ_Logo-stop-mutilation_ZW-768x175.png 768w, https:\/\/stopmutilation.com\/wp-content\/uploads\/2025\/05\/RZ_Logo-stop-mutilation_ZW-18x4.png 18w, https:\/\/stopmutilation.com\/wp-content\/uploads\/2025\/05\/RZ_Logo-stop-mutilation_ZW.webp 1500w\" sizes=\"(max-width: 800px) 100vw, 800px\" \/>\t\t\t\t\t\t\t\t\t\t\t\t\t\t\t<\/div>\n\t\t\t\t<\/div>\n\t\t\t\t<div class=\"elementor-element elementor-element-00ed5d5 elementor-widget elementor-widget-text-editor\" data-id=\"00ed5d5\" data-element_type=\"widget\" data-e-type=\"widget\" data-widget_type=\"text-editor.default\">\n\t\t\t\t<div class=\"elementor-widget-container\">\n\t\t\t\t\t\t\t\t\t<p>Die <b>Beratungsstelle stop mutilation Deutschland e.V. <\/b>leistet kultursensible Beratung und Hilfe f\u00fcr betroffene Frauen und M\u00e4dchen sowie Pr\u00e4vention und Kinderschutz. F\u00fcr Fachkr\u00e4fte werden Fortbildungen angeboten.<\/p><p>\u00a0<\/p>\t\t\t\t\t\t\t\t<\/div>\n\t\t\t\t<\/div>\n\t\t\t\t<div class=\"elementor-element elementor-element-5be0b0b elementor-align-center elementor-widget elementor-widget-button\" data-id=\"5be0b0b\" data-element_type=\"widget\" data-e-type=\"widget\" data-widget_type=\"button.default\">\n\t\t\t\t<div class=\"elementor-widget-container\">\n\t\t\t\t\t\t\t\t\t<div class=\"elementor-button-wrapper\">\n\t\t\t\t\t<a class=\"elementor-button elementor-button-link elementor-size-sm\" href=\"http:\/\/www.stopmutilation.de\" target=\"_blank\">\n\t\t\t\t\t\t<span class=\"elementor-button-content-wrapper\">\n\t\t\t\t\t\t\t\t\t<span class=\"elementor-button-text\">Zur WebSite<\/span>\n\t\t\t\t\t<\/span>\n\t\t\t\t\t<\/a>\n\t\t\t\t<\/div>\n\t\t\t\t\t\t\t\t<\/div>\n\t\t\t\t<\/div>\n\t\t\t\t<\/div>\n\t\t\t\t\t<\/div>\n\t\t\t\t<\/div>\n\t\t\t\t<\/div>\n\t\t","protected":false},"excerpt":{"rendered":"<p>Unsere Partner SOWHEN setzt sich f\u00fcr die Rechte und Gesundheit von Frauen und M\u00e4dchen in Somalia ein. Mit ihrer unerm\u00fcdlichen Arbeit im Bereich Aufkl\u00e4rung und Bildung ist sie eine unserer wichtigsten Partnerinnen im Kampf gegen weibliche Genitalbeschneidung. Zur WebSite Das Kinderhilfswerk ICH unterst\u00fctzt weltweit Kinder in Not \u2013 unb\u00fcrokratisch, direkt und nachhaltig. In unseren gemeinsamen [&hellip;]<\/p>\n","protected":false},"author":1,"featured_media":0,"parent":0,"menu_order":0,"comment_status":"closed","ping_status":"closed","template":"","meta":{"footnotes":""},"class_list":["post-915","page","type-page","status-publish","hentry"],"yoast_head":"<!-- This site is optimized with the Yoast SEO plugin v27.3 - https:\/\/yoast.com\/product\/yoast-seo-wordpress\/ -->\n<title>Unsere Partner - stopmutilation | Hospital<\/title>\n<meta name=\"robots\" content=\"index, follow, max-snippet:-1, max-image-preview:large, max-video-preview:-1\" \/>\n<link rel=\"canonical\" href=\"http:\/\/stopmutilation.com\/de_de\/unsere-partner\/\" \/>\n<meta property=\"og:locale\" content=\"de_DE\" \/>\n<meta property=\"og:type\" content=\"article\" \/>\n<meta property=\"og:title\" content=\"Unsere Partner - stopmutilation | Hospital\" \/>\n<meta property=\"og:description\" content=\"Unsere Partner SOWHEN setzt sich f\u00fcr die Rechte und Gesundheit von Frauen und M\u00e4dchen in Somalia ein. Mit ihrer unerm\u00fcdlichen Arbeit im Bereich Aufkl\u00e4rung und Bildung ist sie eine unserer wichtigsten Partnerinnen im Kampf gegen weibliche Genitalbeschneidung. Zur WebSite Das Kinderhilfswerk ICH unterst\u00fctzt weltweit Kinder in Not \u2013 unb\u00fcrokratisch, direkt und nachhaltig. In unseren gemeinsamen [&hellip;]\" \/>\n<meta property=\"og:url\" content=\"http:\/\/stopmutilation.com\/de_de\/unsere-partner\/\" \/>\n<meta property=\"og:site_name\" content=\"stopmutilation | Hospital\" \/>\n<meta property=\"article:modified_time\" content=\"2025-10-19T12:46:46+00:00\" \/>\n<meta property=\"og:image\" content=\"http:\/\/stopmutilation.com\/wp-content\/uploads\/2025\/10\/SOWHEN-Logo-Cw4oofdB.png\" \/>\n<meta name=\"twitter:card\" content=\"summary_large_image\" \/>\n<meta name=\"twitter:label1\" content=\"Gesch\u00e4tzte Lesezeit\" \/>\n\t<meta name=\"twitter:data1\" content=\"2\u00a0Minuten\" \/>\n<script type=\"application\/ld+json\" class=\"yoast-schema-graph\">{\"@context\":\"https:\\\/\\\/schema.org\",\"@graph\":[{\"@type\":\"WebPage\",\"@id\":\"http:\\\/\\\/stopmutilation.com\\\/de_de\\\/unsere-partner\\\/\",\"url\":\"http:\\\/\\\/stopmutilation.com\\\/de_de\\\/unsere-partner\\\/\",\"name\":\"Unsere Partner - stopmutilation | Hospital\",\"isPartOf\":{\"@id\":\"https:\\\/\\\/stopmutilation.com\\\/de_de\\\/#website\"},\"primaryImageOfPage\":{\"@id\":\"http:\\\/\\\/stopmutilation.com\\\/de_de\\\/unsere-partner\\\/#primaryimage\"},\"image\":{\"@id\":\"http:\\\/\\\/stopmutilation.com\\\/de_de\\\/unsere-partner\\\/#primaryimage\"},\"thumbnailUrl\":\"http:\\\/\\\/stopmutilation.com\\\/wp-content\\\/uploads\\\/2025\\\/10\\\/SOWHEN-Logo-Cw4oofdB.png\",\"datePublished\":\"2025-05-26T08:29:41+00:00\",\"dateModified\":\"2025-10-19T12:46:46+00:00\",\"breadcrumb\":{\"@id\":\"http:\\\/\\\/stopmutilation.com\\\/de_de\\\/unsere-partner\\\/#breadcrumb\"},\"inLanguage\":\"de\",\"potentialAction\":[{\"@type\":\"ReadAction\",\"target\":[\"http:\\\/\\\/stopmutilation.com\\\/de_de\\\/unsere-partner\\\/\"]}]},{\"@type\":\"ImageObject\",\"inLanguage\":\"de\",\"@id\":\"http:\\\/\\\/stopmutilation.com\\\/de_de\\\/unsere-partner\\\/#primaryimage\",\"url\":\"http:\\\/\\\/stopmutilation.com\\\/wp-content\\\/uploads\\\/2025\\\/10\\\/SOWHEN-Logo-Cw4oofdB.png\",\"contentUrl\":\"http:\\\/\\\/stopmutilation.com\\\/wp-content\\\/uploads\\\/2025\\\/10\\\/SOWHEN-Logo-Cw4oofdB.png\"},{\"@type\":\"BreadcrumbList\",\"@id\":\"http:\\\/\\\/stopmutilation.com\\\/de_de\\\/unsere-partner\\\/#breadcrumb\",\"itemListElement\":[{\"@type\":\"ListItem\",\"position\":1,\"name\":\"Startseite\",\"item\":\"https:\\\/\\\/stopmutilation.com\\\/de_de\\\/\"},{\"@type\":\"ListItem\",\"position\":2,\"name\":\"Unsere Partner\"}]},{\"@type\":\"WebSite\",\"@id\":\"https:\\\/\\\/stopmutilation.com\\\/de_de\\\/#website\",\"url\":\"https:\\\/\\\/stopmutilation.com\\\/de_de\\\/\",\"name\":\"stopmutilation | Hospital\",\"description\":\"Hospital in Somalia Puntland\",\"publisher\":{\"@id\":\"https:\\\/\\\/stopmutilation.com\\\/de_de\\\/#organization\"},\"potentialAction\":[{\"@type\":\"SearchAction\",\"target\":{\"@type\":\"EntryPoint\",\"urlTemplate\":\"https:\\\/\\\/stopmutilation.com\\\/de_de\\\/?s={search_term_string}\"},\"query-input\":{\"@type\":\"PropertyValueSpecification\",\"valueRequired\":true,\"valueName\":\"search_term_string\"}}],\"inLanguage\":\"de\"},{\"@type\":\"Organization\",\"@id\":\"https:\\\/\\\/stopmutilation.com\\\/de_de\\\/#organization\",\"name\":\"stopmutilation | Hospital\",\"url\":\"https:\\\/\\\/stopmutilation.com\\\/de_de\\\/\",\"logo\":{\"@type\":\"ImageObject\",\"inLanguage\":\"de\",\"@id\":\"https:\\\/\\\/stopmutilation.com\\\/de_de\\\/#\\\/schema\\\/logo\\\/image\\\/\",\"url\":\"https:\\\/\\\/stopmutilation.com\\\/wp-content\\\/uploads\\\/2025\\\/05\\\/StopMutiInt_Logo.svg\",\"contentUrl\":\"https:\\\/\\\/stopmutilation.com\\\/wp-content\\\/uploads\\\/2025\\\/05\\\/StopMutiInt_Logo.svg\",\"width\":2702,\"height\":874,\"caption\":\"stopmutilation | Hospital\"},\"image\":{\"@id\":\"https:\\\/\\\/stopmutilation.com\\\/de_de\\\/#\\\/schema\\\/logo\\\/image\\\/\"}}]}<\/script>\n<!-- \/ Yoast SEO plugin. -->","yoast_head_json":{"title":"Unsere Partner - stopmutilation | Hospital","robots":{"index":"index","follow":"follow","max-snippet":"max-snippet:-1","max-image-preview":"max-image-preview:large","max-video-preview":"max-video-preview:-1"},"canonical":"http:\/\/stopmutilation.com\/de_de\/unsere-partner\/","og_locale":"de_DE","og_type":"article","og_title":"Unsere Partner - stopmutilation | Hospital","og_description":"Unsere Partner SOWHEN setzt sich f\u00fcr die Rechte und Gesundheit von Frauen und M\u00e4dchen in Somalia ein. Mit ihrer unerm\u00fcdlichen Arbeit im Bereich Aufkl\u00e4rung und Bildung ist sie eine unserer wichtigsten Partnerinnen im Kampf gegen weibliche Genitalbeschneidung. Zur WebSite Das Kinderhilfswerk ICH unterst\u00fctzt weltweit Kinder in Not \u2013 unb\u00fcrokratisch, direkt und nachhaltig. In unseren gemeinsamen [&hellip;]","og_url":"http:\/\/stopmutilation.com\/de_de\/unsere-partner\/","og_site_name":"stopmutilation | Hospital","article_modified_time":"2025-10-19T12:46:46+00:00","og_image":[{"url":"http:\/\/stopmutilation.com\/wp-content\/uploads\/2025\/10\/SOWHEN-Logo-Cw4oofdB.png","type":"","width":"","height":""}],"twitter_card":"summary_large_image","twitter_misc":{"Gesch\u00e4tzte Lesezeit":"2\u00a0Minuten"},"schema":{"@context":"https:\/\/schema.org","@graph":[{"@type":"WebPage","@id":"http:\/\/stopmutilation.com\/de_de\/unsere-partner\/","url":"http:\/\/stopmutilation.com\/de_de\/unsere-partner\/","name":"Unsere Partner - stopmutilation | Hospital","isPartOf":{"@id":"https:\/\/stopmutilation.com\/de_de\/#website"},"primaryImageOfPage":{"@id":"http:\/\/stopmutilation.com\/de_de\/unsere-partner\/#primaryimage"},"image":{"@id":"http:\/\/stopmutilation.com\/de_de\/unsere-partner\/#primaryimage"},"thumbnailUrl":"http:\/\/stopmutilation.com\/wp-content\/uploads\/2025\/10\/SOWHEN-Logo-Cw4oofdB.png","datePublished":"2025-05-26T08:29:41+00:00","dateModified":"2025-10-19T12:46:46+00:00","breadcrumb":{"@id":"http:\/\/stopmutilation.com\/de_de\/unsere-partner\/#breadcrumb"},"inLanguage":"de","potentialAction":[{"@type":"ReadAction","target":["http:\/\/stopmutilation.com\/de_de\/unsere-partner\/"]}]},{"@type":"ImageObject","inLanguage":"de","@id":"http:\/\/stopmutilation.com\/de_de\/unsere-partner\/#primaryimage","url":"http:\/\/stopmutilation.com\/wp-content\/uploads\/2025\/10\/SOWHEN-Logo-Cw4oofdB.png","contentUrl":"http:\/\/stopmutilation.com\/wp-content\/uploads\/2025\/10\/SOWHEN-Logo-Cw4oofdB.png"},{"@type":"BreadcrumbList","@id":"http:\/\/stopmutilation.com\/de_de\/unsere-partner\/#breadcrumb","itemListElement":[{"@type":"ListItem","position":1,"name":"Startseite","item":"https:\/\/stopmutilation.com\/de_de\/"},{"@type":"ListItem","position":2,"name":"Unsere Partner"}]},{"@type":"WebSite","@id":"https:\/\/stopmutilation.com\/de_de\/#website","url":"https:\/\/stopmutilation.com\/de_de\/","name":"stopmutilation | Hospital","description":"Hospital in Somalia Puntland","publisher":{"@id":"https:\/\/stopmutilation.com\/de_de\/#organization"},"potentialAction":[{"@type":"SearchAction","target":{"@type":"EntryPoint","urlTemplate":"https:\/\/stopmutilation.com\/de_de\/?s={search_term_string}"},"query-input":{"@type":"PropertyValueSpecification","valueRequired":true,"valueName":"search_term_string"}}],"inLanguage":"de"},{"@type":"Organization","@id":"https:\/\/stopmutilation.com\/de_de\/#organization","name":"stopmutilation | Hospital","url":"https:\/\/stopmutilation.com\/de_de\/","logo":{"@type":"ImageObject","inLanguage":"de","@id":"https:\/\/stopmutilation.com\/de_de\/#\/schema\/logo\/image\/","url":"https:\/\/stopmutilation.com\/wp-content\/uploads\/2025\/05\/StopMutiInt_Logo.svg","contentUrl":"https:\/\/stopmutilation.com\/wp-content\/uploads\/2025\/05\/StopMutiInt_Logo.svg","width":2702,"height":874,"caption":"stopmutilation | Hospital"},"image":{"@id":"https:\/\/stopmutilation.com\/de_de\/#\/schema\/logo\/image\/"}}]}},"_links":{"self":[{"href":"https:\/\/stopmutilation.com\/de_de\/wp-json\/wp\/v2\/pages\/915","targetHints":{"allow":["GET"]}}],"collection":[{"href":"https:\/\/stopmutilation.com\/de_de\/wp-json\/wp\/v2\/pages"}],"about":[{"href":"https:\/\/stopmutilation.com\/de_de\/wp-json\/wp\/v2\/types\/page"}],"author":[{"embeddable":true,"href":"https:\/\/stopmutilation.com\/de_de\/wp-json\/wp\/v2\/users\/1"}],"replies":[{"embeddable":true,"href":"https:\/\/stopmutilation.com\/de_de\/wp-json\/wp\/v2\/comments?post=915"}],"version-history":[{"count":28,"href":"https:\/\/stopmutilation.com\/de_de\/wp-json\/wp\/v2\/pages\/915\/revisions"}],"predecessor-version":[{"id":1103,"href":"https:\/\/stopmutilation.com\/de_de\/wp-json\/wp\/v2\/pages\/915\/revisions\/1103"}],"wp:attachment":[{"href":"https:\/\/stopmutilation.com\/de_de\/wp-json\/wp\/v2\/media?parent=915"}],"curies":[{"name":"wp","href":"https:\/\/api.w.org\/{rel}","templated":true}]}}