{"id":736,"date":"2025-05-08T10:07:08","date_gmt":"2025-05-08T10:07:08","guid":{"rendered":"https:\/\/stopmutilation.com\/?page_id=736"},"modified":"2025-05-29T13:08:30","modified_gmt":"2025-05-29T13:08:30","slug":"impressum","status":"publish","type":"page","link":"https:\/\/stopmutilation.com\/de_de\/impressum\/","title":{"rendered":"Impressum"},"content":{"rendered":"<style>.elementor-736 .elementor-element.elementor-element-fb8077b{--display:grid;--e-con-grid-template-columns:repeat(1, 1fr);--e-con-grid-template-rows:repeat(1, 1fr);--grid-auto-flow:row;}:root{--page-title-display:none;}@media(max-width:1024px){.elementor-736 .elementor-element.elementor-element-fb8077b{--grid-auto-flow:row;}}@media(max-width:767px){.elementor-736 .elementor-element.elementor-element-fb8077b{--e-con-grid-template-columns:repeat(1, 1fr);--e-con-grid-template-rows:repeat(2, 1fr);--grid-auto-flow:row;}}<\/style>\t\t<div data-elementor-type=\"wp-page\" data-elementor-id=\"736\" class=\"elementor elementor-736\" data-elementor-post-type=\"page\">\n\t\t\t\t<div class=\"elementor-element elementor-element-fb8077b e-grid e-con-boxed e-con e-parent\" data-id=\"fb8077b\" data-element_type=\"container\" data-e-type=\"container\">\n\t\t\t\t\t<div class=\"e-con-inner\">\n\t\t\t\t<div class=\"elementor-element elementor-element-aa31b83 elementor-widget elementor-widget-text-editor\" data-id=\"aa31b83\" data-element_type=\"widget\" data-e-type=\"widget\" data-widget_type=\"text-editor.default\">\n\t\t\t\t<div class=\"elementor-widget-container\">\n\t\t\t\t\t\t\t\t\t<h1>Impressum<\/h1>\n<p><b>stop mutilation International e.V.<br><\/b>Himmelgeister Str. 107a<br>40225 D\u00fcsseldorf<\/p>\n<p>Handelsregister: VR 8431<br>Registergericht: Amtsgericht D\u00fcsseldorf<\/p>\n<p><strong>Vertreten durch:<\/strong><br>Margarete Kioko (Vorstand)<\/p>\n<p>Jawahir Cumar (Gesch\u00e4ftsf\u00fchrerin)<\/p>\n<h2>Kontakt<\/h2>\n<p>Telefon: 0211-93885791<br>E-Mail: j.cumar@stop-mutilation.org<\/p>\n<h2>Redaktionell verantwortlich<\/h2>\n<p>Jawahir Cumar<br>Gesch\u00e4ftsf\u00fchrerin&nbsp;<\/p>\n<h2>EU-Streitschlichtung<\/h2>\n<p>Die Europ\u00e4ische Kommission stellt eine Plattform zur Online-Streitbeilegung (OS) bereit: <a href=\"https:\/\/ec.europa.eu\/consumers\/odr\/\" target=\"_blank\" rel=\"noopener noreferrer\">https:\/\/ec.europa.eu\/consumers\/odr\/<\/a>.<br>Unsere E-Mail-Adresse finden Sie oben im Impressum.<\/p>\n<h2>Verbraucher\u00adstreit\u00adbeilegung\/Universal\u00adschlichtungs\u00adstelle<\/h2>\n<p>Wir sind nicht bereit oder verpflichtet, an Streitbeilegungsverfahren vor einer Verbraucherschlichtungsstelle teilzunehmen.<\/p>\n<p>Quelle: <a href=\"https:\/\/www.e-recht24.de\">eRecht24<\/a><\/p>\t\t\t\t\t\t\t\t<\/div>\n\t\t\t\t<\/div>\n\t\t\t\t\t<\/div>\n\t\t\t\t<\/div>\n\t\t\t\t<\/div>\n\t\t","protected":false},"excerpt":{"rendered":"<p>Impressum stop mutilation International e.V.Himmelgeister Str. 107a40225 D\u00fcsseldorf Handelsregister: VR 8431Registergericht: Amtsgericht D\u00fcsseldorf Vertreten durch:Margarete Kioko (Vorstand) Jawahir Cumar (Gesch\u00e4ftsf\u00fchrerin) Kontakt Telefon: 0211-93885791E-Mail: j.cumar@stop-mutilation.org Redaktionell verantwortlich Jawahir CumarGesch\u00e4ftsf\u00fchrerin&nbsp; EU-Streitschlichtung Die Europ\u00e4ische Kommission stellt eine Plattform zur Online-Streitbeilegung (OS) bereit: https:\/\/ec.europa.eu\/consumers\/odr\/.Unsere E-Mail-Adresse finden Sie oben im Impressum. Verbraucher\u00adstreit\u00adbeilegung\/Universal\u00adschlichtungs\u00adstelle Wir sind nicht bereit oder verpflichtet, an Streitbeilegungsverfahren [&hellip;]<\/p>\n","protected":false},"author":1,"featured_media":0,"parent":0,"menu_order":0,"comment_status":"closed","ping_status":"closed","template":"","meta":{"footnotes":""},"class_list":["post-736","page","type-page","status-publish","hentry"],"yoast_head":"<!-- This site is optimized with the Yoast SEO plugin v27.3 - https:\/\/yoast.com\/product\/yoast-seo-wordpress\/ -->\n<title>Impressum - stopmutilation | Hospital<\/title>\n<meta name=\"robots\" content=\"index, follow, max-snippet:-1, max-image-preview:large, max-video-preview:-1\" \/>\n<link rel=\"canonical\" href=\"https:\/\/stopmutilation.com\/de_de\/impressum\/\" \/>\n<meta property=\"og:locale\" content=\"de_DE\" \/>\n<meta property=\"og:type\" content=\"article\" \/>\n<meta property=\"og:title\" content=\"Impressum - stopmutilation | Hospital\" \/>\n<meta property=\"og:description\" content=\"Impressum stop mutilation International e.V.Himmelgeister Str. 107a40225 D\u00fcsseldorf Handelsregister: VR 8431Registergericht: Amtsgericht D\u00fcsseldorf Vertreten durch:Margarete Kioko (Vorstand) Jawahir Cumar (Gesch\u00e4ftsf\u00fchrerin) Kontakt Telefon: 0211-93885791E-Mail: j.cumar@stop-mutilation.org Redaktionell verantwortlich Jawahir CumarGesch\u00e4ftsf\u00fchrerin&nbsp; EU-Streitschlichtung Die Europ\u00e4ische Kommission stellt eine Plattform zur Online-Streitbeilegung (OS) bereit: https:\/\/ec.europa.eu\/consumers\/odr\/.Unsere E-Mail-Adresse finden Sie oben im Impressum. Verbraucher\u00adstreit\u00adbeilegung\/Universal\u00adschlichtungs\u00adstelle Wir sind nicht bereit oder verpflichtet, an Streitbeilegungsverfahren [&hellip;]\" \/>\n<meta property=\"og:url\" content=\"https:\/\/stopmutilation.com\/de_de\/impressum\/\" \/>\n<meta property=\"og:site_name\" content=\"stopmutilation | Hospital\" \/>\n<meta property=\"article:modified_time\" content=\"2025-05-29T13:08:30+00:00\" \/>\n<meta name=\"twitter:card\" content=\"summary_large_image\" \/>\n<meta name=\"twitter:label1\" content=\"Gesch\u00e4tzte Lesezeit\" \/>\n\t<meta name=\"twitter:data1\" content=\"1\u00a0Minute\" \/>\n<script type=\"application\/ld+json\" class=\"yoast-schema-graph\">{\"@context\":\"https:\\\/\\\/schema.org\",\"@graph\":[{\"@type\":\"WebPage\",\"@id\":\"https:\\\/\\\/stopmutilation.com\\\/en\\\/impressum\\\/\",\"url\":\"https:\\\/\\\/stopmutilation.com\\\/en\\\/impressum\\\/\",\"name\":\"Impressum - stopmutilation | Hospital\",\"isPartOf\":{\"@id\":\"https:\\\/\\\/stopmutilation.com\\\/de_de\\\/#website\"},\"datePublished\":\"2025-05-08T10:07:08+00:00\",\"dateModified\":\"2025-05-29T13:08:30+00:00\",\"breadcrumb\":{\"@id\":\"https:\\\/\\\/stopmutilation.com\\\/en\\\/impressum\\\/#breadcrumb\"},\"inLanguage\":\"de\",\"potentialAction\":[{\"@type\":\"ReadAction\",\"target\":[\"https:\\\/\\\/stopmutilation.com\\\/en\\\/impressum\\\/\"]}]},{\"@type\":\"BreadcrumbList\",\"@id\":\"https:\\\/\\\/stopmutilation.com\\\/en\\\/impressum\\\/#breadcrumb\",\"itemListElement\":[{\"@type\":\"ListItem\",\"position\":1,\"name\":\"Startseite\",\"item\":\"https:\\\/\\\/stopmutilation.com\\\/de_de\\\/\"},{\"@type\":\"ListItem\",\"position\":2,\"name\":\"Impressum\"}]},{\"@type\":\"WebSite\",\"@id\":\"https:\\\/\\\/stopmutilation.com\\\/de_de\\\/#website\",\"url\":\"https:\\\/\\\/stopmutilation.com\\\/de_de\\\/\",\"name\":\"stopmutilation | Hospital\",\"description\":\"Hospital in Somalia Puntland\",\"publisher\":{\"@id\":\"https:\\\/\\\/stopmutilation.com\\\/de_de\\\/#organization\"},\"potentialAction\":[{\"@type\":\"SearchAction\",\"target\":{\"@type\":\"EntryPoint\",\"urlTemplate\":\"https:\\\/\\\/stopmutilation.com\\\/de_de\\\/?s={search_term_string}\"},\"query-input\":{\"@type\":\"PropertyValueSpecification\",\"valueRequired\":true,\"valueName\":\"search_term_string\"}}],\"inLanguage\":\"de\"},{\"@type\":\"Organization\",\"@id\":\"https:\\\/\\\/stopmutilation.com\\\/de_de\\\/#organization\",\"name\":\"stopmutilation | Hospital\",\"url\":\"https:\\\/\\\/stopmutilation.com\\\/de_de\\\/\",\"logo\":{\"@type\":\"ImageObject\",\"inLanguage\":\"de\",\"@id\":\"https:\\\/\\\/stopmutilation.com\\\/de_de\\\/#\\\/schema\\\/logo\\\/image\\\/\",\"url\":\"https:\\\/\\\/stopmutilation.com\\\/wp-content\\\/uploads\\\/2025\\\/05\\\/StopMutiInt_Logo.svg\",\"contentUrl\":\"https:\\\/\\\/stopmutilation.com\\\/wp-content\\\/uploads\\\/2025\\\/05\\\/StopMutiInt_Logo.svg\",\"width\":2702,\"height\":874,\"caption\":\"stopmutilation | Hospital\"},\"image\":{\"@id\":\"https:\\\/\\\/stopmutilation.com\\\/de_de\\\/#\\\/schema\\\/logo\\\/image\\\/\"}}]}<\/script>\n<!-- \/ Yoast SEO plugin. -->","yoast_head_json":{"title":"Impressum - stopmutilation | Hospital","robots":{"index":"index","follow":"follow","max-snippet":"max-snippet:-1","max-image-preview":"max-image-preview:large","max-video-preview":"max-video-preview:-1"},"canonical":"https:\/\/stopmutilation.com\/de_de\/impressum\/","og_locale":"de_DE","og_type":"article","og_title":"Impressum - stopmutilation | Hospital","og_description":"Impressum stop mutilation International e.V.Himmelgeister Str. 107a40225 D\u00fcsseldorf Handelsregister: VR 8431Registergericht: Amtsgericht D\u00fcsseldorf Vertreten durch:Margarete Kioko (Vorstand) Jawahir Cumar (Gesch\u00e4ftsf\u00fchrerin) Kontakt Telefon: 0211-93885791E-Mail: j.cumar@stop-mutilation.org Redaktionell verantwortlich Jawahir CumarGesch\u00e4ftsf\u00fchrerin&nbsp; EU-Streitschlichtung Die Europ\u00e4ische Kommission stellt eine Plattform zur Online-Streitbeilegung (OS) bereit: https:\/\/ec.europa.eu\/consumers\/odr\/.Unsere E-Mail-Adresse finden Sie oben im Impressum. Verbraucher\u00adstreit\u00adbeilegung\/Universal\u00adschlichtungs\u00adstelle Wir sind nicht bereit oder verpflichtet, an Streitbeilegungsverfahren [&hellip;]","og_url":"https:\/\/stopmutilation.com\/de_de\/impressum\/","og_site_name":"stopmutilation | Hospital","article_modified_time":"2025-05-29T13:08:30+00:00","twitter_card":"summary_large_image","twitter_misc":{"Gesch\u00e4tzte Lesezeit":"1\u00a0Minute"},"schema":{"@context":"https:\/\/schema.org","@graph":[{"@type":"WebPage","@id":"https:\/\/stopmutilation.com\/en\/impressum\/","url":"https:\/\/stopmutilation.com\/en\/impressum\/","name":"Impressum - stopmutilation | Hospital","isPartOf":{"@id":"https:\/\/stopmutilation.com\/de_de\/#website"},"datePublished":"2025-05-08T10:07:08+00:00","dateModified":"2025-05-29T13:08:30+00:00","breadcrumb":{"@id":"https:\/\/stopmutilation.com\/en\/impressum\/#breadcrumb"},"inLanguage":"de","potentialAction":[{"@type":"ReadAction","target":["https:\/\/stopmutilation.com\/en\/impressum\/"]}]},{"@type":"BreadcrumbList","@id":"https:\/\/stopmutilation.com\/en\/impressum\/#breadcrumb","itemListElement":[{"@type":"ListItem","position":1,"name":"Startseite","item":"https:\/\/stopmutilation.com\/de_de\/"},{"@type":"ListItem","position":2,"name":"Impressum"}]},{"@type":"WebSite","@id":"https:\/\/stopmutilation.com\/de_de\/#website","url":"https:\/\/stopmutilation.com\/de_de\/","name":"stopmutilation | Hospital","description":"Hospital in Somalia Puntland","publisher":{"@id":"https:\/\/stopmutilation.com\/de_de\/#organization"},"potentialAction":[{"@type":"SearchAction","target":{"@type":"EntryPoint","urlTemplate":"https:\/\/stopmutilation.com\/de_de\/?s={search_term_string}"},"query-input":{"@type":"PropertyValueSpecification","valueRequired":true,"valueName":"search_term_string"}}],"inLanguage":"de"},{"@type":"Organization","@id":"https:\/\/stopmutilation.com\/de_de\/#organization","name":"stopmutilation | Hospital","url":"https:\/\/stopmutilation.com\/de_de\/","logo":{"@type":"ImageObject","inLanguage":"de","@id":"https:\/\/stopmutilation.com\/de_de\/#\/schema\/logo\/image\/","url":"https:\/\/stopmutilation.com\/wp-content\/uploads\/2025\/05\/StopMutiInt_Logo.svg","contentUrl":"https:\/\/stopmutilation.com\/wp-content\/uploads\/2025\/05\/StopMutiInt_Logo.svg","width":2702,"height":874,"caption":"stopmutilation | Hospital"},"image":{"@id":"https:\/\/stopmutilation.com\/de_de\/#\/schema\/logo\/image\/"}}]}},"_links":{"self":[{"href":"https:\/\/stopmutilation.com\/de_de\/wp-json\/wp\/v2\/pages\/736","targetHints":{"allow":["GET"]}}],"collection":[{"href":"https:\/\/stopmutilation.com\/de_de\/wp-json\/wp\/v2\/pages"}],"about":[{"href":"https:\/\/stopmutilation.com\/de_de\/wp-json\/wp\/v2\/types\/page"}],"author":[{"embeddable":true,"href":"https:\/\/stopmutilation.com\/de_de\/wp-json\/wp\/v2\/users\/1"}],"replies":[{"embeddable":true,"href":"https:\/\/stopmutilation.com\/de_de\/wp-json\/wp\/v2\/comments?post=736"}],"version-history":[{"count":10,"href":"https:\/\/stopmutilation.com\/de_de\/wp-json\/wp\/v2\/pages\/736\/revisions"}],"predecessor-version":[{"id":1037,"href":"https:\/\/stopmutilation.com\/de_de\/wp-json\/wp\/v2\/pages\/736\/revisions\/1037"}],"wp:attachment":[{"href":"https:\/\/stopmutilation.com\/de_de\/wp-json\/wp\/v2\/media?parent=736"}],"curies":[{"name":"wp","href":"https:\/\/api.w.org\/{rel}","templated":true}]}}